{"id":30016,"date":"2023-08-01T00:38:42","date_gmt":"2023-07-31T21:38:42","guid":{"rendered":"https:\/\/karcher-center-palaiologos.gr\/product\/karcher-rain-box\/"},"modified":"2024-04-08T19:48:11","modified_gmt":"2024-04-08T16:48:11","slug":"karcher-rain-box","status":"publish","type":"product","link":"https:\/\/b2b.karcher-center-palaiologos.gr\/en\/product\/karcher-rain-box\/","title":{"rendered":"K\u00e4rcher Rain Box"},"content":{"rendered":"<p>The K\u00e4rcher Rain Box is the ideal starter kit for efficient, economical and need-based garden watering. The K\u00e4rcher Rain Box contains a G1 tap connector with G3\/4 reduction piece for connection to a tap, 2 couplings, 1 filter, 15 m K\u00e4rcher Rain System\u00ae hose (consisting of input hose and for attachment of collars), 10 m soaker hose, 4 T-pieces with regulation, 4 I-pieces, 10 drip collars and 5 ground spikes for fixing the hoses. All parts can be installed without the use of tools. The drip collars can be attached to the K\u00e4rcher Rain System\u00ae hose and adjusted (0-10 l\/h) as desired. The soaker hose drips evenly over the entire length and can be optimally adjusted using the adjustable tee on the T-piece. The system runs with up to 4 bar pressure, can be individually adapted to every garden and works perfectly with the SensoTimer for need-orientated watering control.<\/p>\n","protected":false},"excerpt":{"rendered":"<p>The extendable K\u00e4rcher Rain Box with filter, drip collars, connection parts and hoses is the ideal ready-for-connection starter set for efficient garden watering.<\/p>\n","protected":false},"featured_media":8875,"comment_status":"closed","ping_status":"open","template":"","meta":{"site-sidebar-layout":"default","site-content-layout":"","ast-site-content-layout":"","site-content-style":"default","site-sidebar-style":"default","ast-global-header-display":"","ast-banner-title-visibility":"","ast-main-header-display":"","ast-hfb-above-header-display":"","ast-hfb-below-header-display":"","ast-hfb-mobile-header-display":"","site-post-title":"","ast-breadcrumbs-content":"","ast-featured-img":"","footer-sml-layout":"","theme-transparent-header-meta":"","adv-header-id-meta":"","stick-header-meta":"","header-above-stick-meta":"","header-main-stick-meta":"","header-below-stick-meta":"","astra-migrate-meta-layouts":"","ast-page-background-enabled":"default","ast-page-background-meta":{"desktop":{"background-color":"var(--ast-global-color-4)","background-image":"","background-repeat":"repeat","background-position":"center center","background-size":"auto","background-attachment":"scroll","background-type":"","background-media":"","overlay-type":"","overlay-color":"","overlay-gradient":""},"tablet":{"background-color":"","background-image":"","background-repeat":"repeat","background-position":"center center","background-size":"auto","background-attachment":"scroll","background-type":"","background-media":"","overlay-type":"","overlay-color":"","overlay-gradient":""},"mobile":{"background-color":"","background-image":"","background-repeat":"repeat","background-position":"center center","background-size":"auto","background-attachment":"scroll","background-type":"","background-media":"","overlay-type":"","overlay-color":"","overlay-gradient":""}},"ast-content-background-meta":{"desktop":{"background-color":"var(--ast-global-color-5)","background-image":"","background-repeat":"repeat","background-position":"center center","background-size":"auto","background-attachment":"scroll","background-type":"","background-media":"","overlay-type":"","overlay-color":"","overlay-gradient":""},"tablet":{"background-color":"var(--ast-global-color-5)","background-image":"","background-repeat":"repeat","background-position":"center center","background-size":"auto","background-attachment":"scroll","background-type":"","background-media":"","overlay-type":"","overlay-color":"","overlay-gradient":""},"mobile":{"background-color":"var(--ast-global-color-5)","background-image":"","background-repeat":"repeat","background-position":"center center","background-size":"auto","background-attachment":"scroll","background-type":"","background-media":"","overlay-type":"","overlay-color":"","overlay-gradient":""}}},"product_cat":[10158],"product_tag":[],"class_list":["post-30016","product","type-product","status-publish","has-post-thumbnail","hentry","product_cat-karcher-rain-system-watering-systems","pa_dimensions-l-x-w-x-h-380-x-289-x-113mm","pa_max-pressure-4bar","pa_weight-2-7kg","pa_weight-incl-packaging-3-8kg","desktop-align-left","tablet-align-left","mobile-align-left"],"acf":[],"yoast_head":"<!-- This site is optimized with the Yoast SEO plugin v21.5 - https:\/\/yoast.com\/wordpress\/plugins\/seo\/ -->\n<title>K\u00e4rcher Rain Box<\/title>\n<meta name=\"description\" content=\"The extendable K\u00e4rcher Rain Box with filter, drip collars, connection parts and hoses is the ideal ready-for-connection starter set for efficient garden watering.\" \/>\n<meta name=\"robots\" content=\"noindex, follow, max-snippet:-1, max-image-preview:large, max-video-preview:-1\" \/>\n<meta property=\"og:locale\" content=\"en_US\" \/>\n<meta property=\"og:type\" content=\"article\" \/>\n<meta property=\"og:title\" content=\"K\u00e4rcher Rain Box\" \/>\n<meta property=\"og:description\" content=\"The extendable K\u00e4rcher Rain Box with filter, drip collars, connection parts and hoses is the ideal ready-for-connection starter set for efficient garden watering.\" \/>\n<meta property=\"og:url\" content=\"https:\/\/b2b.karcher-center-palaiologos.gr\/en\/product\/karcher-rain-box\/\" \/>\n<meta property=\"og:site_name\" content=\"Karcher Center Palaiologos\" \/>\n<meta property=\"article:modified_time\" content=\"2024-04-08T16:48:11+00:00\" \/>\n<meta property=\"og:image\" content=\"https:\/\/b2b.karcher-center-palaiologos.gr\/wp-content\/uploads\/2022\/07\/2645238_std_1_2000x2000px.jpg\" \/>\n\t<meta property=\"og:image:width\" content=\"2000\" \/>\n\t<meta property=\"og:image:height\" content=\"2000\" \/>\n\t<meta property=\"og:image:type\" content=\"image\/jpeg\" \/>\n<meta name=\"twitter:card\" content=\"summary_large_image\" \/>\n<meta name=\"twitter:title\" content=\"K\u00e4rcher Rain Box\" \/>\n<meta name=\"twitter:label1\" content=\"Est. reading time\" \/>\n\t<meta name=\"twitter:data1\" content=\"1 minute\" \/>\n<script type=\"application\/ld+json\" class=\"yoast-schema-graph\">{\"@context\":\"https:\/\/schema.org\",\"@graph\":[{\"@type\":\"WebPage\",\"@id\":\"https:\/\/b2b.karcher-center-palaiologos.gr\/en\/product\/karcher-rain-box\/\",\"url\":\"https:\/\/b2b.karcher-center-palaiologos.gr\/en\/product\/karcher-rain-box\/\",\"name\":\"K\u00e4rcher Rain Box\",\"isPartOf\":{\"@id\":\"https:\/\/b2b.karcher-center-palaiologos.gr\/en\/#website\"},\"datePublished\":\"2023-07-31T21:38:42+00:00\",\"dateModified\":\"2024-04-08T16:48:11+00:00\",\"description\":\"The extendable K\u00e4rcher Rain Box with filter, drip collars, connection parts and hoses is the ideal ready-for-connection starter set for efficient garden watering.\",\"breadcrumb\":{\"@id\":\"https:\/\/b2b.karcher-center-palaiologos.gr\/en\/product\/karcher-rain-box\/#breadcrumb\"},\"inLanguage\":\"en-US\",\"potentialAction\":[{\"@type\":\"ReadAction\",\"target\":[\"https:\/\/b2b.karcher-center-palaiologos.gr\/en\/product\/karcher-rain-box\/\"]}]},{\"@type\":\"BreadcrumbList\",\"@id\":\"https:\/\/b2b.karcher-center-palaiologos.gr\/en\/product\/karcher-rain-box\/#breadcrumb\",\"itemListElement\":[{\"@type\":\"ListItem\",\"position\":1,\"name\":\"\u0391\u03c1\u03c7\u03b9\u03ba\u03ae\",\"item\":\"https:\/\/b2b.karcher-center-palaiologos.gr\/en\/\"},{\"@type\":\"ListItem\",\"position\":2,\"name\":\"Shop\",\"item\":\"https:\/\/b2b.karcher-center-palaiologos.gr\/en\/katastima\/\"},{\"@type\":\"ListItem\",\"position\":3,\"name\":\"K\u00e4rcher Rain Box\"}]},{\"@type\":\"WebSite\",\"@id\":\"https:\/\/b2b.karcher-center-palaiologos.gr\/en\/#website\",\"url\":\"https:\/\/b2b.karcher-center-palaiologos.gr\/en\/\",\"name\":\"Karcher Center Palaiologos\",\"description\":\"Karcher Center B2B\",\"potentialAction\":[{\"@type\":\"SearchAction\",\"target\":{\"@type\":\"EntryPoint\",\"urlTemplate\":\"https:\/\/b2b.karcher-center-palaiologos.gr\/en\/?s={search_term_string}\"},\"query-input\":\"required name=search_term_string\"}],\"inLanguage\":\"en-US\"}]}<\/script>\n<!-- \/ Yoast SEO plugin. -->","yoast_head_json":{"title":"K\u00e4rcher Rain Box","description":"The extendable K\u00e4rcher Rain Box with filter, drip collars, connection parts and hoses is the ideal ready-for-connection starter set for efficient garden watering.","robots":{"index":"noindex","follow":"follow","max-snippet":"max-snippet:-1","max-image-preview":"max-image-preview:large","max-video-preview":"max-video-preview:-1"},"og_locale":"en_US","og_type":"article","og_title":"K\u00e4rcher Rain Box","og_description":"The extendable K\u00e4rcher Rain Box with filter, drip collars, connection parts and hoses is the ideal ready-for-connection starter set for efficient garden watering.","og_url":"https:\/\/b2b.karcher-center-palaiologos.gr\/en\/product\/karcher-rain-box\/","og_site_name":"Karcher Center Palaiologos","article_modified_time":"2024-04-08T16:48:11+00:00","og_image":[{"width":2000,"height":2000,"url":"https:\/\/b2b.karcher-center-palaiologos.gr\/wp-content\/uploads\/2022\/07\/2645238_std_1_2000x2000px.jpg","type":"image\/jpeg"}],"twitter_card":"summary_large_image","twitter_title":"K\u00e4rcher Rain Box","twitter_misc":{"Est. reading time":"1 minute"},"schema":{"@context":"https:\/\/schema.org","@graph":[{"@type":"WebPage","@id":"https:\/\/b2b.karcher-center-palaiologos.gr\/en\/product\/karcher-rain-box\/","url":"https:\/\/b2b.karcher-center-palaiologos.gr\/en\/product\/karcher-rain-box\/","name":"K\u00e4rcher Rain Box","isPartOf":{"@id":"https:\/\/b2b.karcher-center-palaiologos.gr\/en\/#website"},"datePublished":"2023-07-31T21:38:42+00:00","dateModified":"2024-04-08T16:48:11+00:00","description":"The extendable K\u00e4rcher Rain Box with filter, drip collars, connection parts and hoses is the ideal ready-for-connection starter set for efficient garden watering.","breadcrumb":{"@id":"https:\/\/b2b.karcher-center-palaiologos.gr\/en\/product\/karcher-rain-box\/#breadcrumb"},"inLanguage":"en-US","potentialAction":[{"@type":"ReadAction","target":["https:\/\/b2b.karcher-center-palaiologos.gr\/en\/product\/karcher-rain-box\/"]}]},{"@type":"BreadcrumbList","@id":"https:\/\/b2b.karcher-center-palaiologos.gr\/en\/product\/karcher-rain-box\/#breadcrumb","itemListElement":[{"@type":"ListItem","position":1,"name":"\u0391\u03c1\u03c7\u03b9\u03ba\u03ae","item":"https:\/\/b2b.karcher-center-palaiologos.gr\/en\/"},{"@type":"ListItem","position":2,"name":"Shop","item":"https:\/\/b2b.karcher-center-palaiologos.gr\/en\/katastima\/"},{"@type":"ListItem","position":3,"name":"K\u00e4rcher Rain Box"}]},{"@type":"WebSite","@id":"https:\/\/b2b.karcher-center-palaiologos.gr\/en\/#website","url":"https:\/\/b2b.karcher-center-palaiologos.gr\/en\/","name":"Karcher Center Palaiologos","description":"Karcher Center B2B","potentialAction":[{"@type":"SearchAction","target":{"@type":"EntryPoint","urlTemplate":"https:\/\/b2b.karcher-center-palaiologos.gr\/en\/?s={search_term_string}"},"query-input":"required name=search_term_string"}],"inLanguage":"en-US"}]}},"_links":{"self":[{"href":"https:\/\/b2b.karcher-center-palaiologos.gr\/en\/wp-json\/wp\/v2\/product\/30016","targetHints":{"allow":["GET"]}}],"collection":[{"href":"https:\/\/b2b.karcher-center-palaiologos.gr\/en\/wp-json\/wp\/v2\/product"}],"about":[{"href":"https:\/\/b2b.karcher-center-palaiologos.gr\/en\/wp-json\/wp\/v2\/types\/product"}],"replies":[{"embeddable":true,"href":"https:\/\/b2b.karcher-center-palaiologos.gr\/en\/wp-json\/wp\/v2\/comments?post=30016"}],"wp:featuredmedia":[{"embeddable":true,"href":"https:\/\/b2b.karcher-center-palaiologos.gr\/en\/wp-json\/wp\/v2\/media\/8875"}],"wp:attachment":[{"href":"https:\/\/b2b.karcher-center-palaiologos.gr\/en\/wp-json\/wp\/v2\/media?parent=30016"}],"wp:term":[{"taxonomy":"product_cat","embeddable":true,"href":"https:\/\/b2b.karcher-center-palaiologos.gr\/en\/wp-json\/wp\/v2\/product_cat?post=30016"},{"taxonomy":"product_tag","embeddable":true,"href":"https:\/\/b2b.karcher-center-palaiologos.gr\/en\/wp-json\/wp\/v2\/product_tag?post=30016"}],"curies":[{"name":"wp","href":"https:\/\/api.w.org\/{rel}","templated":true}]}}